{"id":253,"date":"2021-06-15T15:30:48","date_gmt":"2021-06-15T15:30:48","guid":{"rendered":"http:\/\/cuscoville-com-br.umbler.net\/?page_id=253"},"modified":"2021-06-15T15:30:48","modified_gmt":"2021-06-15T15:30:48","slug":"contacto","status":"publish","type":"page","link":"https:\/\/cuscoville.com.br\/?page_id=253","title":{"rendered":"Contacto"},"content":{"rendered":"\n<p>Esta \u00e9 uma p\u00e1gina com algumas informa\u00e7\u00f5es b\u00e1sicas de contacto, tais como uma morada e o n\u00famero de telefone. Tamb\u00e9m poder\u00e1 usar um plugin para adicionar um formul\u00e1rio de contacto.<\/p>\n","protected":false},"excerpt":{"rendered":"<p>Esta \u00e9 uma p\u00e1gina com algumas informa\u00e7\u00f5es b\u00e1sicas de contacto, tais como uma morada e o n\u00famero de telefone. Tamb\u00e9m poder\u00e1 usar um plugin para adicionar um formul\u00e1rio de contacto.<\/p>\n","protected":false},"author":1,"featured_media":0,"parent":0,"menu_order":0,"comment_status":"closed","ping_status":"closed","template":"","meta":{"footnotes":""},"class_list":["post-253","page","type-page","status-publish","hentry","entry"],"yoast_head":"<!-- This site is optimized with the Yoast SEO plugin v27.5 - https:\/\/yoast.com\/product\/yoast-seo-wordpress\/ -->\n<title>Contacto &#8212; Condom\u00ednio Residencial Cuscoville<\/title>\n<meta name=\"robots\" content=\"index, follow, max-snippet:-1, max-image-preview:large, max-video-preview:-1\" \/>\n<link rel=\"canonical\" href=\"https:\/\/cuscoville.com.br\/?page_id=253\" \/>\n<meta property=\"og:locale\" content=\"pt_BR\" \/>\n<meta property=\"og:type\" content=\"article\" \/>\n<meta property=\"og:title\" content=\"Contacto &#8212; Condom\u00ednio Residencial Cuscoville\" \/>\n<meta property=\"og:description\" content=\"Esta \u00e9 uma p\u00e1gina com algumas informa\u00e7\u00f5es b\u00e1sicas de contacto, tais como uma morada e o n\u00famero de telefone. Tamb\u00e9m poder\u00e1 usar um plugin para adicionar um formul\u00e1rio de contacto.\" \/>\n<meta property=\"og:url\" content=\"https:\/\/cuscoville.com.br\/?page_id=253\" \/>\n<meta property=\"og:site_name\" content=\"Condom\u00ednio Residencial Cuscoville\" \/>\n<meta property=\"article:publisher\" content=\"https:\/\/www.facebook.com\/cuscovilleloteamento\/\" \/>\n<meta name=\"twitter:card\" content=\"summary_large_image\" \/>\n<script type=\"application\/ld+json\" class=\"yoast-schema-graph\">{\"@context\":\"https:\\\/\\\/schema.org\",\"@graph\":[{\"@type\":\"WebPage\",\"@id\":\"https:\\\/\\\/cuscoville.com.br\\\/?page_id=253\",\"url\":\"https:\\\/\\\/cuscoville.com.br\\\/?page_id=253\",\"name\":\"Contacto &#8212; Condom\u00ednio Residencial Cuscoville\",\"isPartOf\":{\"@id\":\"https:\\\/\\\/cuscoville.com.br\\\/#website\"},\"datePublished\":\"2021-06-15T15:30:48+00:00\",\"breadcrumb\":{\"@id\":\"https:\\\/\\\/cuscoville.com.br\\\/?page_id=253#breadcrumb\"},\"inLanguage\":\"pt-BR\",\"potentialAction\":[{\"@type\":\"ReadAction\",\"target\":[\"https:\\\/\\\/cuscoville.com.br\\\/?page_id=253\"]}]},{\"@type\":\"BreadcrumbList\",\"@id\":\"https:\\\/\\\/cuscoville.com.br\\\/?page_id=253#breadcrumb\",\"itemListElement\":[{\"@type\":\"ListItem\",\"position\":1,\"name\":\"In\u00edcio\",\"item\":\"https:\\\/\\\/cuscoville.com.br\\\/\"},{\"@type\":\"ListItem\",\"position\":2,\"name\":\"Contacto\"}]},{\"@type\":\"WebSite\",\"@id\":\"https:\\\/\\\/cuscoville.com.br\\\/#website\",\"url\":\"https:\\\/\\\/cuscoville.com.br\\\/\",\"name\":\"Condom\u00ednio Residencial Cuscoville\",\"description\":\"Condom\u00ednio Residencial Cuscoville\",\"publisher\":{\"@id\":\"https:\\\/\\\/cuscoville.com.br\\\/#organization\"},\"potentialAction\":[{\"@type\":\"SearchAction\",\"target\":{\"@type\":\"EntryPoint\",\"urlTemplate\":\"https:\\\/\\\/cuscoville.com.br\\\/?s={search_term_string}\"},\"query-input\":{\"@type\":\"PropertyValueSpecification\",\"valueRequired\":true,\"valueName\":\"search_term_string\"}}],\"inLanguage\":\"pt-BR\"},{\"@type\":\"Organization\",\"@id\":\"https:\\\/\\\/cuscoville.com.br\\\/#organization\",\"name\":\"Residencial Cuscoville\",\"url\":\"https:\\\/\\\/cuscoville.com.br\\\/\",\"logo\":{\"@type\":\"ImageObject\",\"inLanguage\":\"pt-BR\",\"@id\":\"https:\\\/\\\/cuscoville.com.br\\\/#\\\/schema\\\/logo\\\/image\\\/\",\"url\":\"http:\\\/\\\/cuscoville-com-br.umbler.net\\\/wp-content\\\/uploads\\\/2020\\\/05\\\/cropped-linktree-logo.jpg\",\"contentUrl\":\"http:\\\/\\\/cuscoville-com-br.umbler.net\\\/wp-content\\\/uploads\\\/2020\\\/05\\\/cropped-linktree-logo.jpg\",\"width\":512,\"height\":512,\"caption\":\"Residencial Cuscoville\"},\"image\":{\"@id\":\"https:\\\/\\\/cuscoville.com.br\\\/#\\\/schema\\\/logo\\\/image\\\/\"},\"sameAs\":[\"https:\\\/\\\/www.facebook.com\\\/cuscovilleloteamento\\\/\",\"https:\\\/\\\/www.instagram.com\\\/cuscoville\\\/\"]}]}<\/script>\n<!-- \/ Yoast SEO plugin. -->","yoast_head_json":{"title":"Contacto &#8212; Condom\u00ednio Residencial Cuscoville","robots":{"index":"index","follow":"follow","max-snippet":"max-snippet:-1","max-image-preview":"max-image-preview:large","max-video-preview":"max-video-preview:-1"},"canonical":"https:\/\/cuscoville.com.br\/?page_id=253","og_locale":"pt_BR","og_type":"article","og_title":"Contacto &#8212; Condom\u00ednio Residencial Cuscoville","og_description":"Esta \u00e9 uma p\u00e1gina com algumas informa\u00e7\u00f5es b\u00e1sicas de contacto, tais como uma morada e o n\u00famero de telefone. Tamb\u00e9m poder\u00e1 usar um plugin para adicionar um formul\u00e1rio de contacto.","og_url":"https:\/\/cuscoville.com.br\/?page_id=253","og_site_name":"Condom\u00ednio Residencial Cuscoville","article_publisher":"https:\/\/www.facebook.com\/cuscovilleloteamento\/","twitter_card":"summary_large_image","schema":{"@context":"https:\/\/schema.org","@graph":[{"@type":"WebPage","@id":"https:\/\/cuscoville.com.br\/?page_id=253","url":"https:\/\/cuscoville.com.br\/?page_id=253","name":"Contacto &#8212; Condom\u00ednio Residencial Cuscoville","isPartOf":{"@id":"https:\/\/cuscoville.com.br\/#website"},"datePublished":"2021-06-15T15:30:48+00:00","breadcrumb":{"@id":"https:\/\/cuscoville.com.br\/?page_id=253#breadcrumb"},"inLanguage":"pt-BR","potentialAction":[{"@type":"ReadAction","target":["https:\/\/cuscoville.com.br\/?page_id=253"]}]},{"@type":"BreadcrumbList","@id":"https:\/\/cuscoville.com.br\/?page_id=253#breadcrumb","itemListElement":[{"@type":"ListItem","position":1,"name":"In\u00edcio","item":"https:\/\/cuscoville.com.br\/"},{"@type":"ListItem","position":2,"name":"Contacto"}]},{"@type":"WebSite","@id":"https:\/\/cuscoville.com.br\/#website","url":"https:\/\/cuscoville.com.br\/","name":"Condom\u00ednio Residencial Cuscoville","description":"Condom\u00ednio Residencial Cuscoville","publisher":{"@id":"https:\/\/cuscoville.com.br\/#organization"},"potentialAction":[{"@type":"SearchAction","target":{"@type":"EntryPoint","urlTemplate":"https:\/\/cuscoville.com.br\/?s={search_term_string}"},"query-input":{"@type":"PropertyValueSpecification","valueRequired":true,"valueName":"search_term_string"}}],"inLanguage":"pt-BR"},{"@type":"Organization","@id":"https:\/\/cuscoville.com.br\/#organization","name":"Residencial Cuscoville","url":"https:\/\/cuscoville.com.br\/","logo":{"@type":"ImageObject","inLanguage":"pt-BR","@id":"https:\/\/cuscoville.com.br\/#\/schema\/logo\/image\/","url":"http:\/\/cuscoville-com-br.umbler.net\/wp-content\/uploads\/2020\/05\/cropped-linktree-logo.jpg","contentUrl":"http:\/\/cuscoville-com-br.umbler.net\/wp-content\/uploads\/2020\/05\/cropped-linktree-logo.jpg","width":512,"height":512,"caption":"Residencial Cuscoville"},"image":{"@id":"https:\/\/cuscoville.com.br\/#\/schema\/logo\/image\/"},"sameAs":["https:\/\/www.facebook.com\/cuscovilleloteamento\/","https:\/\/www.instagram.com\/cuscoville\/"]}]}},"_links":{"self":[{"href":"https:\/\/cuscoville.com.br\/index.php?rest_route=\/wp\/v2\/pages\/253","targetHints":{"allow":["GET"]}}],"collection":[{"href":"https:\/\/cuscoville.com.br\/index.php?rest_route=\/wp\/v2\/pages"}],"about":[{"href":"https:\/\/cuscoville.com.br\/index.php?rest_route=\/wp\/v2\/types\/page"}],"author":[{"embeddable":true,"href":"https:\/\/cuscoville.com.br\/index.php?rest_route=\/wp\/v2\/users\/1"}],"replies":[{"embeddable":true,"href":"https:\/\/cuscoville.com.br\/index.php?rest_route=%2Fwp%2Fv2%2Fcomments&post=253"}],"version-history":[{"count":1,"href":"https:\/\/cuscoville.com.br\/index.php?rest_route=\/wp\/v2\/pages\/253\/revisions"}],"predecessor-version":[{"id":258,"href":"https:\/\/cuscoville.com.br\/index.php?rest_route=\/wp\/v2\/pages\/253\/revisions\/258"}],"wp:attachment":[{"href":"https:\/\/cuscoville.com.br\/index.php?rest_route=%2Fwp%2Fv2%2Fmedia&parent=253"}],"curies":[{"name":"wp","href":"https:\/\/api.w.org\/{rel}","templated":true}]}}